{"id":1866,"date":"2021-04-15T03:32:43","date_gmt":"2021-04-15T03:32:43","guid":{"rendered":"https:\/\/apusthemes.com\/wp-demo\/superio\/?page_id=1866"},"modified":"2026-04-02T12:25:04","modified_gmt":"2026-04-02T10:25:04","slug":"offres-demplois","status":"publish","type":"page","link":"https:\/\/interhuman.bi\/en\/offres-demplois\/","title":{"rendered":"Job offers"},"content":{"rendered":"<p data-pm-slice=\"1 1 []\"><div class=\"jobs-listing-wrapper main-items-wrapper\" data-display_mode=\"list\">\n\t<div class=\"jobs-alert-ordering-wrapper\">\n<div class=\"results-count\">\n\tShowing all 5 results<\/div><div class=\"jobs-ordering-wrapper\">\n\t<form class=\"jobs-ordering\" method=\"get\" action=\"https:\/\/interhuman.bi\/en\/job-list\/\" data-trp-original-action=\"https:\/\/interhuman.bi\/en\/job-list\/\">\n\t\t<select name=\"filter-orderby\" class=\"orderby\" data-placeholder=\"Sort by\">\n\t\t\t\t\t\t\t<option value=\"menu_order\"  selected='selected'>Sort by (Default)<\/option>\n\t\t\t\t\t\t\t<option value=\"newest\" >Newest<\/option>\n\t\t\t\t\t\t\t<option value=\"oldest\" >Oldest<\/option>\n\t\t\t\t\t\t\t<option value=\"random\" >Random<\/option>\n\t\t\t\t\t<\/select>\n\t\t<input type=\"hidden\" name=\"paged\" value=\"1\" \/>\n\t\t\t<input type=\"hidden\" name=\"trp-form-language\" value=\"en\"\/><\/form>\n<\/div>\n<\/div>\n\n\t\t\t\t\t\t\n\t\t\t<div class=\"jobs-wrapper items-wrapper\">\n\t\t\t\t\t\t\t\t<div class=\"row items-wrapper-list\">\n\t\t\t\t\t\t\t\t\t\t\t<div class=\"item-job col-sm-6 col-md-6 col-xs-12 lg-clearfix md-clearfix sm-clearfix\">\n\t\t\t\t\t\t\t<article id=\"post-9278\" class=\"map-item layout-job job-list default post-9278 job_listing type-job_listing status-publish hentry job_listing_type-temps-plein job_listing_category-sante-medical job_listing_location-burunga\" data-latitude=\"\" data-longitude=\"\" data-img=\"https:\/\/interhuman.bi\/wp-content\/uploads\/2026\/04\/village-1-150x106.png\">\r\n    <div class=\"clearfix\">\r\n        <a href=\"javascript:void(0);\" class=\"btn-follow btn-action-job btn-add-job-shortlist\" data-job_id=\"9278\" data-nonce=\"5b4a7ec93e\"><i class=\"flaticon-bookmark\"><\/i><\/a>        <div class=\"employer-logo\">\r\n    \t        \t<a href=\"https:\/\/interhuman.bi\/en\/job\/infirmier-ere\/\">\r\n                \t\t<img decoding=\"async\" width=\"150\" height=\"106\" src=\"https:\/\/interhuman.bi\/wp-content\/uploads\/2026\/04\/village-1-150x106.png\" class=\"attachment-thumbnail size-thumbnail\" alt=\"\" \/>                \t<\/a>\r\n            <\/div>        <div class=\"job-list-content\">\r\n            <div class=\"title-wrapper flex-middle-sm\">\r\n                <h2 class=\"job-title\"><a href=\"https:\/\/interhuman.bi\/en\/job\/infirmier-ere\/\" rel=\"bookmark\">Infirmier (\u00e8re)<\/a><\/h2>                                \r\n                            <\/div>\r\n            <div class=\"job-metas\">\r\n                \t\t<div class=\"category-job\">\r\n\t\t\t\t\t\t\t<div class=\"job-category with-icon\">\r\n\t\t\t\t\t\t\t\t\t\t<i class=\"flaticon-briefcase-1\"><\/i>\r\n\t\t\t\t\t\t\t\t\t\t\t\t\t\t\t\t<a href=\"https:\/\/interhuman.bi\/en\/job-category\/sante-medical\/\" style=\"\">Health &amp; Medical<\/a>\r\n\t\t\t\t\t\t\t\r\n\t\t        \t\t    \t<\/div>\r\n\t    <\/div>\r\n    \t                <div class=\"job-location\">\r\n\t\t\t\t            <i class=\"flaticon-location\"><\/i>\r\n\t                                    <a href=\"https:\/\/interhuman.bi\/en\/job-location\/burunga\/\">Burunga<\/a>                    <\/div>                            <\/div>\r\n            <div class=\"job-metas-bottom\">\r\n                <div class=\"job-type with-title\">\r\n\t\t\t\t\t\t            \t<a class=\"type-job\" href=\"https:\/\/interhuman.bi\/en\/job-type\/temps-plein\/\" style=\"\">Full time<\/a>\r\n\t\t        \t\t    \t<\/div>                            <\/div>\r\n        <\/div>\r\n    <\/div>\r\n<\/article><!-- #post-## -->\r\n\t\t\t\t\t\t<\/div>\n\t\t\t\t\t\t\t\t\t\t\t<div class=\"item-job col-sm-6 col-md-6 col-xs-12\">\n\t\t\t\t\t\t\t<article id=\"post-9273\" class=\"map-item layout-job job-list default post-9273 job_listing type-job_listing status-publish hentry job_listing_type-temps-plein job_listing_category-management-direction job_listing_location-bujumbura\" data-latitude=\"\" data-longitude=\"\" data-img=\"https:\/\/interhuman.bi\/wp-content\/uploads\/2026\/04\/fGXNr1O1-1-150x150.jpg\">\r\n    <div class=\"clearfix\">\r\n        <a href=\"javascript:void(0);\" class=\"btn-follow btn-action-job btn-add-job-shortlist\" data-job_id=\"9273\" data-nonce=\"5b4a7ec93e\"><i class=\"flaticon-bookmark\"><\/i><\/a>        <div class=\"employer-logo\">\r\n    \t        \t<a href=\"https:\/\/interhuman.bi\/en\/job\/directeur-trice-pays\/\">\r\n                \t\t<img decoding=\"async\" width=\"150\" height=\"150\" src=\"https:\/\/interhuman.bi\/wp-content\/uploads\/2026\/04\/fGXNr1O1-1-150x150.jpg\" class=\"attachment-thumbnail size-thumbnail\" alt=\"\" srcset=\"https:\/\/interhuman.bi\/wp-content\/uploads\/2026\/04\/fGXNr1O1-1-150x150.jpg 150w, https:\/\/interhuman.bi\/wp-content\/uploads\/2026\/04\/fGXNr1O1-1-300x300.jpg 300w, https:\/\/interhuman.bi\/wp-content\/uploads\/2026\/04\/fGXNr1O1-1-12x12.jpg 12w, https:\/\/interhuman.bi\/wp-content\/uploads\/2026\/04\/fGXNr1O1-1.jpg 512w\" sizes=\"(max-width: 150px) 100vw, 150px\" \/>                \t<\/a>\r\n            <\/div>        <div class=\"job-list-content\">\r\n            <div class=\"title-wrapper flex-middle-sm\">\r\n                <h2 class=\"job-title\"><a href=\"https:\/\/interhuman.bi\/en\/job\/directeur-trice-pays\/\" rel=\"bookmark\">Directeur (trice) pays<\/a><\/h2>                                \r\n                            <\/div>\r\n            <div class=\"job-metas\">\r\n                \t\t<div class=\"category-job\">\r\n\t\t\t\t\t\t\t<div class=\"job-category with-icon\">\r\n\t\t\t\t\t\t\t\t\t\t<i class=\"flaticon-briefcase-1\"><\/i>\r\n\t\t\t\t\t\t\t\t\t\t\t\t\t\t\t\t<a href=\"https:\/\/interhuman.bi\/en\/job-category\/management-direction\/\" style=\"\">Management &amp; Direction<\/a>\r\n\t\t\t\t\t\t\t\r\n\t\t        \t\t    \t<\/div>\r\n\t    <\/div>\r\n    \t                <div class=\"job-location\">\r\n\t\t\t\t            <i class=\"flaticon-location\"><\/i>\r\n\t                                    <a href=\"https:\/\/interhuman.bi\/en\/job-location\/bujumbura\/\">Bujumbura<\/a>                    <\/div>                            <\/div>\r\n            <div class=\"job-metas-bottom\">\r\n                <div class=\"job-type with-title\">\r\n\t\t\t\t\t\t            \t<a class=\"type-job\" href=\"https:\/\/interhuman.bi\/en\/job-type\/temps-plein\/\" style=\"\">Full time<\/a>\r\n\t\t        \t\t    \t<\/div>                            <\/div>\r\n        <\/div>\r\n    <\/div>\r\n<\/article><!-- #post-## -->\r\n\t\t\t\t\t\t<\/div>\n\t\t\t\t\t\t\t\t\t\t\t<div class=\"item-job col-sm-6 col-md-6 col-xs-12 lg-clearfix md-clearfix sm-clearfix\">\n\t\t\t\t\t\t\t<article id=\"post-9271\" class=\"map-item layout-job job-list default post-9271 job_listing type-job_listing status-publish hentry job_listing_category-ong-projets-developpement job_listing_location-buhumuza\" data-latitude=\"\" data-longitude=\"\" data-img=\"https:\/\/interhuman.bi\/wp-content\/uploads\/2026\/04\/gruppo-di-volontariato-civile-gvc-burundi-214727.png\">\r\n    <div class=\"clearfix\">\r\n        <a href=\"javascript:void(0);\" class=\"btn-follow btn-action-job btn-add-job-shortlist\" data-job_id=\"9271\" data-nonce=\"5b4a7ec93e\"><i class=\"flaticon-bookmark\"><\/i><\/a>        <div class=\"employer-logo\">\r\n    \t        \t<a href=\"https:\/\/interhuman.bi\/en\/job\/assistants-psychosociaux-projet-kaze-twiyunge\/\">\r\n                \t\t<img decoding=\"async\" width=\"150\" height=\"150\" src=\"https:\/\/interhuman.bi\/wp-content\/uploads\/2026\/04\/gruppo-di-volontariato-civile-gvc-burundi-214727.png\" class=\"attachment-thumbnail size-thumbnail\" alt=\"\" \/>                \t<\/a>\r\n            <\/div>        <div class=\"job-list-content\">\r\n            <div class=\"title-wrapper flex-middle-sm\">\r\n                <h2 class=\"job-title\"><a href=\"https:\/\/interhuman.bi\/en\/job\/assistants-psychosociaux-projet-kaze-twiyunge\/\" rel=\"bookmark\">Assistants psychosociaux projet KAZE TWIYUNGE<\/a><\/h2>                                \r\n                            <\/div>\r\n            <div class=\"job-metas\">\r\n                \t\t<div class=\"category-job\">\r\n\t\t\t\t\t\t\t<div class=\"job-category with-icon\">\r\n\t\t\t\t\t\t\t\t\t\t<i class=\"flaticon-briefcase-1\"><\/i>\r\n\t\t\t\t\t\t\t\t\t\t\t\t\t\t\t\t<a href=\"https:\/\/interhuman.bi\/en\/job-category\/ong-projets-developpement\/\" style=\"\">ONG, Projects &amp; Development<\/a>\r\n\t\t\t\t\t\t\t\r\n\t\t        \t\t    \t<\/div>\r\n\t    <\/div>\r\n    \t                <div class=\"job-location\">\r\n\t\t\t\t            <i class=\"flaticon-location\"><\/i>\r\n\t                                    <a href=\"https:\/\/interhuman.bi\/en\/job-location\/buhumuza\/\">Buhumuza<\/a>                    <\/div>                            <\/div>\r\n            <div class=\"job-metas-bottom\">\r\n                                            <\/div>\r\n        <\/div>\r\n    <\/div>\r\n<\/article><!-- #post-## -->\r\n\t\t\t\t\t\t<\/div>\n\t\t\t\t\t\t\t\t\t\t\t<div class=\"item-job col-sm-6 col-md-6 col-xs-12\">\n\t\t\t\t\t\t\t<article id=\"post-9267\" class=\"map-item layout-job job-list default post-9267 job_listing type-job_listing status-publish hentry job_listing_category-management-direction job_listing_location-bujumbura\" data-latitude=\"\" data-longitude=\"\" data-img=\"https:\/\/interhuman.bi\/wp-content\/uploads\/2026\/04\/TOYOTA-150x121.png\">\r\n    <div class=\"clearfix\">\r\n        <a href=\"javascript:void(0);\" class=\"btn-follow btn-action-job btn-add-job-shortlist\" data-job_id=\"9267\" data-nonce=\"5b4a7ec93e\"><i class=\"flaticon-bookmark\"><\/i><\/a>        <div class=\"employer-logo\">\r\n    \t        \t<a href=\"https:\/\/interhuman.bi\/en\/job\/une-responsable-technique-et-commercialrelance\/\">\r\n                \t\t<img loading=\"lazy\" decoding=\"async\" width=\"150\" height=\"121\" src=\"https:\/\/interhuman.bi\/wp-content\/uploads\/2026\/04\/TOYOTA-150x121.png\" class=\"attachment-thumbnail size-thumbnail\" alt=\"\" \/>                \t<\/a>\r\n            <\/div>        <div class=\"job-list-content\">\r\n            <div class=\"title-wrapper flex-middle-sm\">\r\n                <h2 class=\"job-title\"><a href=\"https:\/\/interhuman.bi\/en\/job\/une-responsable-technique-et-commercialrelance\/\" rel=\"bookmark\">Un(e) Responsable Technique et Commercial(Relance)<\/a><\/h2>                                \r\n                            <\/div>\r\n            <div class=\"job-metas\">\r\n                \t\t<div class=\"category-job\">\r\n\t\t\t\t\t\t\t<div class=\"job-category with-icon\">\r\n\t\t\t\t\t\t\t\t\t\t<i class=\"flaticon-briefcase-1\"><\/i>\r\n\t\t\t\t\t\t\t\t\t\t\t\t\t\t\t\t<a href=\"https:\/\/interhuman.bi\/en\/job-category\/management-direction\/\" style=\"\">Management &amp; Direction<\/a>\r\n\t\t\t\t\t\t\t\r\n\t\t        \t\t    \t<\/div>\r\n\t    <\/div>\r\n    \t                <div class=\"job-location\">\r\n\t\t\t\t            <i class=\"flaticon-location\"><\/i>\r\n\t                                    <a href=\"https:\/\/interhuman.bi\/en\/job-location\/bujumbura\/\">Bujumbura<\/a>                    <\/div>                            <\/div>\r\n            <div class=\"job-metas-bottom\">\r\n                                            <\/div>\r\n        <\/div>\r\n    <\/div>\r\n<\/article><!-- #post-## -->\r\n\t\t\t\t\t\t<\/div>\n\t\t\t\t\t\t\t\t\t\t\t<div class=\"item-job col-sm-6 col-md-6 col-xs-12 lg-clearfix md-clearfix sm-clearfix\">\n\t\t\t\t\t\t\t<article id=\"post-9126\" class=\"map-item layout-job job-list default post-9126 job_listing type-job_listing status-publish hentry job_listing_type-temps-plein job_listing_category-ong-projets-developpement job_listing_location-bujumbura\" data-latitude=\"\" data-longitude=\"\" data-img=\"https:\/\/interhuman.bi\/wp-content\/uploads\/2026\/04\/telechargement.png\">\r\n    <div class=\"clearfix\">\r\n        <a href=\"javascript:void(0);\" class=\"btn-follow btn-action-job btn-add-job-shortlist\" data-job_id=\"9126\" data-nonce=\"5b4a7ec93e\"><i class=\"flaticon-bookmark\"><\/i><\/a>        <div class=\"employer-logo\">\r\n    \t        \t<a href=\"https:\/\/interhuman.bi\/en\/job\/appel-a-manifestation-dinteret-ami-pour-la-selection-des-nouveaux-membres-de-licn-burundi\/\">\r\n                \t\t<img loading=\"lazy\" decoding=\"async\" width=\"150\" height=\"150\" src=\"https:\/\/interhuman.bi\/wp-content\/uploads\/2026\/04\/telechargement.png\" class=\"attachment-thumbnail size-thumbnail\" alt=\"\" \/>                \t<\/a>\r\n            <\/div>        <div class=\"job-list-content\">\r\n            <div class=\"title-wrapper flex-middle-sm\">\r\n                <h2 class=\"job-title\"><a href=\"https:\/\/interhuman.bi\/en\/job\/appel-a-manifestation-dinteret-ami-pour-la-selection-des-nouveaux-membres-de-licn-burundi\/\" rel=\"bookmark\">Appel \u00e0 Manifestation d&rsquo;Int\u00e9r\u00eat (AMI) pour la s\u00e9lection des nouveaux membres de l\u2019ICN Burundi<\/a><\/h2>                                \r\n                            <\/div>\r\n            <div class=\"job-metas\">\r\n                \t\t<div class=\"category-job\">\r\n\t\t\t\t\t\t\t<div class=\"job-category with-icon\">\r\n\t\t\t\t\t\t\t\t\t\t<i class=\"flaticon-briefcase-1\"><\/i>\r\n\t\t\t\t\t\t\t\t\t\t\t\t\t\t\t\t<a href=\"https:\/\/interhuman.bi\/en\/job-category\/ong-projets-developpement\/\" style=\"\">ONG, Projects &amp; Development<\/a>\r\n\t\t\t\t\t\t\t\r\n\t\t        \t\t    \t<\/div>\r\n\t    <\/div>\r\n    \t                <div class=\"job-location\">\r\n\t\t\t\t            <i class=\"flaticon-location\"><\/i>\r\n\t                                    <a href=\"https:\/\/interhuman.bi\/en\/job-location\/bujumbura\/\">Bujumbura<\/a>                    <\/div>                            <\/div>\r\n            <div class=\"job-metas-bottom\">\r\n                <div class=\"job-type with-title\">\r\n\t\t\t\t\t\t            \t<a class=\"type-job\" href=\"https:\/\/interhuman.bi\/en\/job-type\/temps-plein\/\" style=\"\">Full time<\/a>\r\n\t\t        \t\t    \t<\/div>                            <\/div>\r\n        <\/div>\r\n    <\/div>\r\n<\/article><!-- #post-## -->\r\n\t\t\t\t\t\t<\/div>\n\t\t\t\t\t\t\t\t\t<\/div>\n\t\t\t<\/div>\n\n\t\t\t\n\t\n\t<\/div><div class=\"jobs-pagination-wrapper main-pagination-wrapper\">\n\t<\/div><\/p>\n\n\n<p><\/p>","protected":false},"excerpt":{"rendered":"","protected":false},"author":1,"featured_media":0,"parent":0,"menu_order":0,"comment_status":"closed","ping_status":"closed","template":"page-jobs.php","meta":{"_monsterinsights_skip_tracking":false,"_monsterinsights_sitenote_active":false,"_monsterinsights_sitenote_note":"","_monsterinsights_sitenote_category":0,"footnotes":""},"class_list":["post-1866","page","type-page","status-publish","hentry"],"_links":{"self":[{"href":"https:\/\/interhuman.bi\/en\/wp-json\/wp\/v2\/pages\/1866","targetHints":{"allow":["GET"]}}],"collection":[{"href":"https:\/\/interhuman.bi\/en\/wp-json\/wp\/v2\/pages"}],"about":[{"href":"https:\/\/interhuman.bi\/en\/wp-json\/wp\/v2\/types\/page"}],"author":[{"embeddable":true,"href":"https:\/\/interhuman.bi\/en\/wp-json\/wp\/v2\/users\/1"}],"replies":[{"embeddable":true,"href":"https:\/\/interhuman.bi\/en\/wp-json\/wp\/v2\/comments?post=1866"}],"version-history":[{"count":6,"href":"https:\/\/interhuman.bi\/en\/wp-json\/wp\/v2\/pages\/1866\/revisions"}],"predecessor-version":[{"id":8965,"href":"https:\/\/interhuman.bi\/en\/wp-json\/wp\/v2\/pages\/1866\/revisions\/8965"}],"wp:attachment":[{"href":"https:\/\/interhuman.bi\/en\/wp-json\/wp\/v2\/media?parent=1866"}],"curies":[{"name":"wp","href":"https:\/\/api.w.org\/{rel}","templated":true}]}}